{"id":1380,"date":"2022-01-26T14:49:51","date_gmt":"2022-01-26T19:49:51","guid":{"rendered":"https:\/\/vitreriedelavallee.com\/devis-en-ligne\/"},"modified":"2024-06-27T10:51:33","modified_gmt":"2024-06-27T14:51:33","slug":"online-quote","status":"publish","type":"page","link":"https:\/\/vitreriedelavallee.com\/en\/online-quote\/","title":{"rendered":"Online Quote"},"content":{"rendered":"","protected":false},"excerpt":{"rendered":"","protected":false},"author":2,"featured_media":0,"parent":0,"menu_order":777,"comment_status":"closed","ping_status":"closed","template":"","meta":{"_acf_changed":false,"footnotes":""},"class_list":["post-1380","page","type-page","status-publish","hentry","entry"],"acf":[],"yoast_head":"<!-- This site is optimized with the Yoast SEO plugin v26.8 - https:\/\/yoast.com\/product\/yoast-seo-wordpress\/ -->\n<title>Online Quote - Vitrerie de la Vall\u00e9e<\/title>\n<meta name=\"description\" content=\"Get a fast and free online quote for your glass projects in Gatineau with Vitrerie de la Vall\u00e9e. Custom glass solutions tailored to your needs.\" \/>\n<meta name=\"robots\" content=\"index, follow, max-snippet:-1, max-image-preview:large, max-video-preview:-1\" \/>\n<link rel=\"canonical\" href=\"https:\/\/vitreriedelavallee.com\/en\/online-quote\/\" \/>\n<meta property=\"og:locale\" content=\"en_US\" \/>\n<meta property=\"og:type\" content=\"article\" \/>\n<meta property=\"og:title\" content=\"Online Quote - Vitrerie de la Vall\u00e9e\" \/>\n<meta property=\"og:description\" content=\"Get a fast and free online quote for your glass projects in Gatineau with Vitrerie de la Vall\u00e9e. Custom glass solutions tailored to your needs.\" \/>\n<meta property=\"og:url\" content=\"https:\/\/vitreriedelavallee.com\/en\/online-quote\/\" \/>\n<meta property=\"og:site_name\" content=\"Vitrerie de la Vall\u00e9e\" \/>\n<meta property=\"article:modified_time\" content=\"2024-06-27T14:51:33+00:00\" \/>\n<meta name=\"twitter:card\" content=\"summary_large_image\" \/>\n<script type=\"application\/ld+json\" class=\"yoast-schema-graph\">{\"@context\":\"https:\/\/schema.org\",\"@graph\":[{\"@type\":\"WebPage\",\"@id\":\"https:\/\/vitreriedelavallee.com\/en\/online-quote\/\",\"url\":\"https:\/\/vitreriedelavallee.com\/en\/online-quote\/\",\"name\":\"Online Quote - Vitrerie de la Vall\u00e9e\",\"isPartOf\":{\"@id\":\"https:\/\/vitreriedelavallee.com\/#website\"},\"datePublished\":\"2022-01-26T19:49:51+00:00\",\"dateModified\":\"2024-06-27T14:51:33+00:00\",\"description\":\"Get a fast and free online quote for your glass projects in Gatineau with Vitrerie de la Vall\u00e9e. Custom glass solutions tailored to your needs.\",\"breadcrumb\":{\"@id\":\"https:\/\/vitreriedelavallee.com\/en\/online-quote\/#breadcrumb\"},\"inLanguage\":\"en-US\",\"potentialAction\":[{\"@type\":\"ReadAction\",\"target\":[\"https:\/\/vitreriedelavallee.com\/en\/online-quote\/\"]}]},{\"@type\":\"BreadcrumbList\",\"@id\":\"https:\/\/vitreriedelavallee.com\/en\/online-quote\/#breadcrumb\",\"itemListElement\":[{\"@type\":\"ListItem\",\"position\":1,\"name\":\"Accueil\",\"item\":\"https:\/\/vitreriedelavallee.com\/en\/\"},{\"@type\":\"ListItem\",\"position\":2,\"name\":\"Online Quote\"}]},{\"@type\":\"WebSite\",\"@id\":\"https:\/\/vitreriedelavallee.com\/#website\",\"url\":\"https:\/\/vitreriedelavallee.com\/\",\"name\":\"Vitrerie de la Vall\u00e9e\",\"description\":\"Nous sommes sp\u00e9cialis\u00e9s dans le verre, les portes, les fen\u00eatres, les miroirs et les douches sur mesure\u2009!\",\"potentialAction\":[{\"@type\":\"SearchAction\",\"target\":{\"@type\":\"EntryPoint\",\"urlTemplate\":\"https:\/\/vitreriedelavallee.com\/?s={search_term_string}\"},\"query-input\":{\"@type\":\"PropertyValueSpecification\",\"valueRequired\":true,\"valueName\":\"search_term_string\"}}],\"inLanguage\":\"en-US\"}]}<\/script>\n<!-- \/ Yoast SEO plugin. -->","yoast_head_json":{"title":"Online Quote - Vitrerie de la Vall\u00e9e","description":"Get a fast and free online quote for your glass projects in Gatineau with Vitrerie de la Vall\u00e9e. Custom glass solutions tailored to your needs.","robots":{"index":"index","follow":"follow","max-snippet":"max-snippet:-1","max-image-preview":"max-image-preview:large","max-video-preview":"max-video-preview:-1"},"canonical":"https:\/\/vitreriedelavallee.com\/en\/online-quote\/","og_locale":"en_US","og_type":"article","og_title":"Online Quote - Vitrerie de la Vall\u00e9e","og_description":"Get a fast and free online quote for your glass projects in Gatineau with Vitrerie de la Vall\u00e9e. Custom glass solutions tailored to your needs.","og_url":"https:\/\/vitreriedelavallee.com\/en\/online-quote\/","og_site_name":"Vitrerie de la Vall\u00e9e","article_modified_time":"2024-06-27T14:51:33+00:00","twitter_card":"summary_large_image","schema":{"@context":"https:\/\/schema.org","@graph":[{"@type":"WebPage","@id":"https:\/\/vitreriedelavallee.com\/en\/online-quote\/","url":"https:\/\/vitreriedelavallee.com\/en\/online-quote\/","name":"Online Quote - Vitrerie de la Vall\u00e9e","isPartOf":{"@id":"https:\/\/vitreriedelavallee.com\/#website"},"datePublished":"2022-01-26T19:49:51+00:00","dateModified":"2024-06-27T14:51:33+00:00","description":"Get a fast and free online quote for your glass projects in Gatineau with Vitrerie de la Vall\u00e9e. Custom glass solutions tailored to your needs.","breadcrumb":{"@id":"https:\/\/vitreriedelavallee.com\/en\/online-quote\/#breadcrumb"},"inLanguage":"en-US","potentialAction":[{"@type":"ReadAction","target":["https:\/\/vitreriedelavallee.com\/en\/online-quote\/"]}]},{"@type":"BreadcrumbList","@id":"https:\/\/vitreriedelavallee.com\/en\/online-quote\/#breadcrumb","itemListElement":[{"@type":"ListItem","position":1,"name":"Accueil","item":"https:\/\/vitreriedelavallee.com\/en\/"},{"@type":"ListItem","position":2,"name":"Online Quote"}]},{"@type":"WebSite","@id":"https:\/\/vitreriedelavallee.com\/#website","url":"https:\/\/vitreriedelavallee.com\/","name":"Vitrerie de la Vall\u00e9e","description":"Nous sommes sp\u00e9cialis\u00e9s dans le verre, les portes, les fen\u00eatres, les miroirs et les douches sur mesure\u2009!","potentialAction":[{"@type":"SearchAction","target":{"@type":"EntryPoint","urlTemplate":"https:\/\/vitreriedelavallee.com\/?s={search_term_string}"},"query-input":{"@type":"PropertyValueSpecification","valueRequired":true,"valueName":"search_term_string"}}],"inLanguage":"en-US"}]}},"_links":{"self":[{"href":"https:\/\/vitreriedelavallee.com\/en\/wp-json\/wp\/v2\/pages\/1380","targetHints":{"allow":["GET"]}}],"collection":[{"href":"https:\/\/vitreriedelavallee.com\/en\/wp-json\/wp\/v2\/pages"}],"about":[{"href":"https:\/\/vitreriedelavallee.com\/en\/wp-json\/wp\/v2\/types\/page"}],"author":[{"embeddable":true,"href":"https:\/\/vitreriedelavallee.com\/en\/wp-json\/wp\/v2\/users\/2"}],"replies":[{"embeddable":true,"href":"https:\/\/vitreriedelavallee.com\/en\/wp-json\/wp\/v2\/comments?post=1380"}],"version-history":[{"count":1,"href":"https:\/\/vitreriedelavallee.com\/en\/wp-json\/wp\/v2\/pages\/1380\/revisions"}],"predecessor-version":[{"id":1381,"href":"https:\/\/vitreriedelavallee.com\/en\/wp-json\/wp\/v2\/pages\/1380\/revisions\/1381"}],"wp:attachment":[{"href":"https:\/\/vitreriedelavallee.com\/en\/wp-json\/wp\/v2\/media?parent=1380"}],"curies":[{"name":"wp","href":"https:\/\/api.w.org\/{rel}","templated":true}]}}