{"id":1300,"date":"2021-09-09T10:01:22","date_gmt":"2021-09-09T14:01:22","guid":{"rendered":"http:\/\/vitreriedelavallee.com\/residential-services\/our-products\/celliers-en-verre\/"},"modified":"2025-01-24T10:52:29","modified_gmt":"2025-01-24T15:52:29","slug":"glass-cellars","status":"publish","type":"page","link":"https:\/\/vitreriedelavallee.com\/en\/residential-services\/our-products\/glass-cellars\/","title":{"rendered":"Glass cellars"},"content":{"rendered":"","protected":false},"excerpt":{"rendered":"","protected":false},"author":1,"featured_media":0,"parent":1227,"menu_order":40,"comment_status":"closed","ping_status":"closed","template":"","meta":{"_acf_changed":false,"footnotes":""},"class_list":["post-1300","page","type-page","status-publish","hentry","entry"],"acf":[],"yoast_head":"<!-- This site is optimized with the Yoast SEO plugin v26.8 - https:\/\/yoast.com\/product\/yoast-seo-wordpress\/ -->\n<title>Glass Cellars in Ottawa and Gatineau &#8212; Vitrerie de la Vall\u00e9e<\/title>\n<meta name=\"description\" content=\"Display your wine the way it deserves. Vitrerie de la Vall\u00e9e can create custom glass cellars for your restaurant or home in Ottawa or Gatineau. Call us for a quote today.\" \/>\n<meta name=\"robots\" content=\"index, follow, max-snippet:-1, max-image-preview:large, max-video-preview:-1\" \/>\n<link rel=\"canonical\" href=\"https:\/\/vitreriedelavallee.com\/en\/residential-services\/our-products\/glass-cellars\/\" \/>\n<meta property=\"og:locale\" content=\"en_US\" \/>\n<meta property=\"og:type\" content=\"article\" \/>\n<meta property=\"og:title\" content=\"Glass Cellars in Ottawa and Gatineau &#8212; Vitrerie de la Vall\u00e9e\" \/>\n<meta property=\"og:description\" content=\"Display your wine the way it deserves. Vitrerie de la Vall\u00e9e can create custom glass cellars for your restaurant or home in Ottawa or Gatineau. Call us for a quote today.\" \/>\n<meta property=\"og:url\" content=\"https:\/\/vitreriedelavallee.com\/en\/residential-services\/our-products\/glass-cellars\/\" \/>\n<meta property=\"og:site_name\" content=\"Vitrerie de la Vall\u00e9e\" \/>\n<meta property=\"article:modified_time\" content=\"2025-01-24T15:52:29+00:00\" \/>\n<meta name=\"twitter:card\" content=\"summary_large_image\" \/>\n<script type=\"application\/ld+json\" class=\"yoast-schema-graph\">{\"@context\":\"https:\/\/schema.org\",\"@graph\":[{\"@type\":\"WebPage\",\"@id\":\"https:\/\/vitreriedelavallee.com\/en\/residential-services\/our-products\/glass-cellars\/\",\"url\":\"https:\/\/vitreriedelavallee.com\/en\/residential-services\/our-products\/glass-cellars\/\",\"name\":\"Glass Cellars in Ottawa and Gatineau &#8212; Vitrerie de la Vall\u00e9e\",\"isPartOf\":{\"@id\":\"https:\/\/vitreriedelavallee.com\/#website\"},\"datePublished\":\"2021-09-09T14:01:22+00:00\",\"dateModified\":\"2025-01-24T15:52:29+00:00\",\"description\":\"Display your wine the way it deserves. Vitrerie de la Vall\u00e9e can create custom glass cellars for your restaurant or home in Ottawa or Gatineau. Call us for a quote today.\",\"breadcrumb\":{\"@id\":\"https:\/\/vitreriedelavallee.com\/en\/residential-services\/our-products\/glass-cellars\/#breadcrumb\"},\"inLanguage\":\"en-US\",\"potentialAction\":[{\"@type\":\"ReadAction\",\"target\":[\"https:\/\/vitreriedelavallee.com\/en\/residential-services\/our-products\/glass-cellars\/\"]}]},{\"@type\":\"BreadcrumbList\",\"@id\":\"https:\/\/vitreriedelavallee.com\/en\/residential-services\/our-products\/glass-cellars\/#breadcrumb\",\"itemListElement\":[{\"@type\":\"ListItem\",\"position\":1,\"name\":\"Accueil\",\"item\":\"https:\/\/vitreriedelavallee.com\/en\/\"},{\"@type\":\"ListItem\",\"position\":2,\"name\":\"Residential Services\",\"item\":\"https:\/\/vitreriedelavallee.com\/en\/residential-services\/\"},{\"@type\":\"ListItem\",\"position\":3,\"name\":\"Our products\",\"item\":\"https:\/\/vitreriedelavallee.com\/en\/residential-services\/our-products\/\"},{\"@type\":\"ListItem\",\"position\":4,\"name\":\"Glass cellars\"}]},{\"@type\":\"WebSite\",\"@id\":\"https:\/\/vitreriedelavallee.com\/#website\",\"url\":\"https:\/\/vitreriedelavallee.com\/\",\"name\":\"Vitrerie de la Vall\u00e9e\",\"description\":\"Nous sommes sp\u00e9cialis\u00e9s dans le verre, les portes, les fen\u00eatres, les miroirs et les douches sur mesure\u2009!\",\"potentialAction\":[{\"@type\":\"SearchAction\",\"target\":{\"@type\":\"EntryPoint\",\"urlTemplate\":\"https:\/\/vitreriedelavallee.com\/?s={search_term_string}\"},\"query-input\":{\"@type\":\"PropertyValueSpecification\",\"valueRequired\":true,\"valueName\":\"search_term_string\"}}],\"inLanguage\":\"en-US\"}]}<\/script>\n<!-- \/ Yoast SEO plugin. -->","yoast_head_json":{"title":"Glass Cellars in Ottawa and Gatineau &#8212; Vitrerie de la Vall\u00e9e","description":"Display your wine the way it deserves. Vitrerie de la Vall\u00e9e can create custom glass cellars for your restaurant or home in Ottawa or Gatineau. Call us for a quote today.","robots":{"index":"index","follow":"follow","max-snippet":"max-snippet:-1","max-image-preview":"max-image-preview:large","max-video-preview":"max-video-preview:-1"},"canonical":"https:\/\/vitreriedelavallee.com\/en\/residential-services\/our-products\/glass-cellars\/","og_locale":"en_US","og_type":"article","og_title":"Glass Cellars in Ottawa and Gatineau &#8212; Vitrerie de la Vall\u00e9e","og_description":"Display your wine the way it deserves. Vitrerie de la Vall\u00e9e can create custom glass cellars for your restaurant or home in Ottawa or Gatineau. Call us for a quote today.","og_url":"https:\/\/vitreriedelavallee.com\/en\/residential-services\/our-products\/glass-cellars\/","og_site_name":"Vitrerie de la Vall\u00e9e","article_modified_time":"2025-01-24T15:52:29+00:00","twitter_card":"summary_large_image","schema":{"@context":"https:\/\/schema.org","@graph":[{"@type":"WebPage","@id":"https:\/\/vitreriedelavallee.com\/en\/residential-services\/our-products\/glass-cellars\/","url":"https:\/\/vitreriedelavallee.com\/en\/residential-services\/our-products\/glass-cellars\/","name":"Glass Cellars in Ottawa and Gatineau &#8212; Vitrerie de la Vall\u00e9e","isPartOf":{"@id":"https:\/\/vitreriedelavallee.com\/#website"},"datePublished":"2021-09-09T14:01:22+00:00","dateModified":"2025-01-24T15:52:29+00:00","description":"Display your wine the way it deserves. Vitrerie de la Vall\u00e9e can create custom glass cellars for your restaurant or home in Ottawa or Gatineau. Call us for a quote today.","breadcrumb":{"@id":"https:\/\/vitreriedelavallee.com\/en\/residential-services\/our-products\/glass-cellars\/#breadcrumb"},"inLanguage":"en-US","potentialAction":[{"@type":"ReadAction","target":["https:\/\/vitreriedelavallee.com\/en\/residential-services\/our-products\/glass-cellars\/"]}]},{"@type":"BreadcrumbList","@id":"https:\/\/vitreriedelavallee.com\/en\/residential-services\/our-products\/glass-cellars\/#breadcrumb","itemListElement":[{"@type":"ListItem","position":1,"name":"Accueil","item":"https:\/\/vitreriedelavallee.com\/en\/"},{"@type":"ListItem","position":2,"name":"Residential Services","item":"https:\/\/vitreriedelavallee.com\/en\/residential-services\/"},{"@type":"ListItem","position":3,"name":"Our products","item":"https:\/\/vitreriedelavallee.com\/en\/residential-services\/our-products\/"},{"@type":"ListItem","position":4,"name":"Glass cellars"}]},{"@type":"WebSite","@id":"https:\/\/vitreriedelavallee.com\/#website","url":"https:\/\/vitreriedelavallee.com\/","name":"Vitrerie de la Vall\u00e9e","description":"Nous sommes sp\u00e9cialis\u00e9s dans le verre, les portes, les fen\u00eatres, les miroirs et les douches sur mesure\u2009!","potentialAction":[{"@type":"SearchAction","target":{"@type":"EntryPoint","urlTemplate":"https:\/\/vitreriedelavallee.com\/?s={search_term_string}"},"query-input":{"@type":"PropertyValueSpecification","valueRequired":true,"valueName":"search_term_string"}}],"inLanguage":"en-US"}]}},"_links":{"self":[{"href":"https:\/\/vitreriedelavallee.com\/en\/wp-json\/wp\/v2\/pages\/1300","targetHints":{"allow":["GET"]}}],"collection":[{"href":"https:\/\/vitreriedelavallee.com\/en\/wp-json\/wp\/v2\/pages"}],"about":[{"href":"https:\/\/vitreriedelavallee.com\/en\/wp-json\/wp\/v2\/types\/page"}],"author":[{"embeddable":true,"href":"https:\/\/vitreriedelavallee.com\/en\/wp-json\/wp\/v2\/users\/1"}],"replies":[{"embeddable":true,"href":"https:\/\/vitreriedelavallee.com\/en\/wp-json\/wp\/v2\/comments?post=1300"}],"version-history":[{"count":4,"href":"https:\/\/vitreriedelavallee.com\/en\/wp-json\/wp\/v2\/pages\/1300\/revisions"}],"predecessor-version":[{"id":1610,"href":"https:\/\/vitreriedelavallee.com\/en\/wp-json\/wp\/v2\/pages\/1300\/revisions\/1610"}],"up":[{"embeddable":true,"href":"https:\/\/vitreriedelavallee.com\/en\/wp-json\/wp\/v2\/pages\/1227"}],"wp:attachment":[{"href":"https:\/\/vitreriedelavallee.com\/en\/wp-json\/wp\/v2\/media?parent=1300"}],"curies":[{"name":"wp","href":"https:\/\/api.w.org\/{rel}","templated":true}]}}