{"id":1245,"date":"2021-09-09T11:06:48","date_gmt":"2021-09-09T15:06:48","guid":{"rendered":"http:\/\/vitreriedelavallee.com\/commercial-institutional\/nos-realisations-commercial-institutionnel\/"},"modified":"2025-01-24T10:56:37","modified_gmt":"2025-01-24T15:56:37","slug":"our-realizations-commercial-and-institutional","status":"publish","type":"page","link":"https:\/\/vitreriedelavallee.com\/en\/commercial-institutional\/our-realizations-commercial-and-institutional\/","title":{"rendered":"Our realizations &#8211; Commercial and Institutional"},"content":{"rendered":"","protected":false},"excerpt":{"rendered":"","protected":false},"author":1,"featured_media":0,"parent":1224,"menu_order":175,"comment_status":"closed","ping_status":"closed","template":"","meta":{"_acf_changed":false,"footnotes":""},"class_list":["post-1245","page","type-page","status-publish","hentry","entry"],"acf":[],"yoast_head":"<!-- This site is optimized with the Yoast SEO plugin v26.8 - https:\/\/yoast.com\/product\/yoast-seo-wordpress\/ -->\n<title>Our realizations - Commercial and Institutional &#8212; Vitrerie de la Vall\u00e9e<\/title>\n<meta name=\"description\" content=\"Discover our commercial and residential projects in window and glass doors in Gatineau. Call our specialists to discuss your renovation project.\" \/>\n<meta name=\"robots\" content=\"index, follow, max-snippet:-1, max-image-preview:large, max-video-preview:-1\" \/>\n<link rel=\"canonical\" href=\"https:\/\/vitreriedelavallee.com\/en\/commercial-institutional\/our-realizations-commercial-and-institutional\/\" \/>\n<meta property=\"og:locale\" content=\"en_US\" \/>\n<meta property=\"og:type\" content=\"article\" \/>\n<meta property=\"og:title\" content=\"Our realizations - Commercial and Institutional &#8212; Vitrerie de la Vall\u00e9e\" \/>\n<meta property=\"og:description\" content=\"Discover our commercial and residential projects in window and glass doors in Gatineau. Call our specialists to discuss your renovation project.\" \/>\n<meta property=\"og:url\" content=\"https:\/\/vitreriedelavallee.com\/en\/commercial-institutional\/our-realizations-commercial-and-institutional\/\" \/>\n<meta property=\"og:site_name\" content=\"Vitrerie de la Vall\u00e9e\" \/>\n<meta property=\"article:modified_time\" content=\"2025-01-24T15:56:37+00:00\" \/>\n<meta name=\"twitter:card\" content=\"summary_large_image\" \/>\n<script type=\"application\/ld+json\" class=\"yoast-schema-graph\">{\"@context\":\"https:\/\/schema.org\",\"@graph\":[{\"@type\":\"WebPage\",\"@id\":\"https:\/\/vitreriedelavallee.com\/en\/commercial-institutional\/our-realizations-commercial-and-institutional\/\",\"url\":\"https:\/\/vitreriedelavallee.com\/en\/commercial-institutional\/our-realizations-commercial-and-institutional\/\",\"name\":\"Our realizations - Commercial and Institutional &#8212; Vitrerie de la Vall\u00e9e\",\"isPartOf\":{\"@id\":\"https:\/\/vitreriedelavallee.com\/#website\"},\"datePublished\":\"2021-09-09T15:06:48+00:00\",\"dateModified\":\"2025-01-24T15:56:37+00:00\",\"description\":\"Discover our commercial and residential projects in window and glass doors in Gatineau. Call our specialists to discuss your renovation project.\",\"breadcrumb\":{\"@id\":\"https:\/\/vitreriedelavallee.com\/en\/commercial-institutional\/our-realizations-commercial-and-institutional\/#breadcrumb\"},\"inLanguage\":\"en-US\",\"potentialAction\":[{\"@type\":\"ReadAction\",\"target\":[\"https:\/\/vitreriedelavallee.com\/en\/commercial-institutional\/our-realizations-commercial-and-institutional\/\"]}]},{\"@type\":\"BreadcrumbList\",\"@id\":\"https:\/\/vitreriedelavallee.com\/en\/commercial-institutional\/our-realizations-commercial-and-institutional\/#breadcrumb\",\"itemListElement\":[{\"@type\":\"ListItem\",\"position\":1,\"name\":\"Accueil\",\"item\":\"https:\/\/vitreriedelavallee.com\/en\/\"},{\"@type\":\"ListItem\",\"position\":2,\"name\":\"Commercial \/ Institutional\",\"item\":\"https:\/\/vitreriedelavallee.com\/en\/commercial-institutional\/\"},{\"@type\":\"ListItem\",\"position\":3,\"name\":\"Our realizations &#8211; Commercial and Institutional\"}]},{\"@type\":\"WebSite\",\"@id\":\"https:\/\/vitreriedelavallee.com\/#website\",\"url\":\"https:\/\/vitreriedelavallee.com\/\",\"name\":\"Vitrerie de la Vall\u00e9e\",\"description\":\"Nous sommes sp\u00e9cialis\u00e9s dans le verre, les portes, les fen\u00eatres, les miroirs et les douches sur mesure\u2009!\",\"potentialAction\":[{\"@type\":\"SearchAction\",\"target\":{\"@type\":\"EntryPoint\",\"urlTemplate\":\"https:\/\/vitreriedelavallee.com\/?s={search_term_string}\"},\"query-input\":{\"@type\":\"PropertyValueSpecification\",\"valueRequired\":true,\"valueName\":\"search_term_string\"}}],\"inLanguage\":\"en-US\"}]}<\/script>\n<!-- \/ Yoast SEO plugin. -->","yoast_head_json":{"title":"Our realizations - Commercial and Institutional &#8212; Vitrerie de la Vall\u00e9e","description":"Discover our commercial and residential projects in window and glass doors in Gatineau. Call our specialists to discuss your renovation project.","robots":{"index":"index","follow":"follow","max-snippet":"max-snippet:-1","max-image-preview":"max-image-preview:large","max-video-preview":"max-video-preview:-1"},"canonical":"https:\/\/vitreriedelavallee.com\/en\/commercial-institutional\/our-realizations-commercial-and-institutional\/","og_locale":"en_US","og_type":"article","og_title":"Our realizations - Commercial and Institutional &#8212; Vitrerie de la Vall\u00e9e","og_description":"Discover our commercial and residential projects in window and glass doors in Gatineau. Call our specialists to discuss your renovation project.","og_url":"https:\/\/vitreriedelavallee.com\/en\/commercial-institutional\/our-realizations-commercial-and-institutional\/","og_site_name":"Vitrerie de la Vall\u00e9e","article_modified_time":"2025-01-24T15:56:37+00:00","twitter_card":"summary_large_image","schema":{"@context":"https:\/\/schema.org","@graph":[{"@type":"WebPage","@id":"https:\/\/vitreriedelavallee.com\/en\/commercial-institutional\/our-realizations-commercial-and-institutional\/","url":"https:\/\/vitreriedelavallee.com\/en\/commercial-institutional\/our-realizations-commercial-and-institutional\/","name":"Our realizations - Commercial and Institutional &#8212; Vitrerie de la Vall\u00e9e","isPartOf":{"@id":"https:\/\/vitreriedelavallee.com\/#website"},"datePublished":"2021-09-09T15:06:48+00:00","dateModified":"2025-01-24T15:56:37+00:00","description":"Discover our commercial and residential projects in window and glass doors in Gatineau. Call our specialists to discuss your renovation project.","breadcrumb":{"@id":"https:\/\/vitreriedelavallee.com\/en\/commercial-institutional\/our-realizations-commercial-and-institutional\/#breadcrumb"},"inLanguage":"en-US","potentialAction":[{"@type":"ReadAction","target":["https:\/\/vitreriedelavallee.com\/en\/commercial-institutional\/our-realizations-commercial-and-institutional\/"]}]},{"@type":"BreadcrumbList","@id":"https:\/\/vitreriedelavallee.com\/en\/commercial-institutional\/our-realizations-commercial-and-institutional\/#breadcrumb","itemListElement":[{"@type":"ListItem","position":1,"name":"Accueil","item":"https:\/\/vitreriedelavallee.com\/en\/"},{"@type":"ListItem","position":2,"name":"Commercial \/ Institutional","item":"https:\/\/vitreriedelavallee.com\/en\/commercial-institutional\/"},{"@type":"ListItem","position":3,"name":"Our realizations &#8211; Commercial and Institutional"}]},{"@type":"WebSite","@id":"https:\/\/vitreriedelavallee.com\/#website","url":"https:\/\/vitreriedelavallee.com\/","name":"Vitrerie de la Vall\u00e9e","description":"Nous sommes sp\u00e9cialis\u00e9s dans le verre, les portes, les fen\u00eatres, les miroirs et les douches sur mesure\u2009!","potentialAction":[{"@type":"SearchAction","target":{"@type":"EntryPoint","urlTemplate":"https:\/\/vitreriedelavallee.com\/?s={search_term_string}"},"query-input":{"@type":"PropertyValueSpecification","valueRequired":true,"valueName":"search_term_string"}}],"inLanguage":"en-US"}]}},"_links":{"self":[{"href":"https:\/\/vitreriedelavallee.com\/en\/wp-json\/wp\/v2\/pages\/1245","targetHints":{"allow":["GET"]}}],"collection":[{"href":"https:\/\/vitreriedelavallee.com\/en\/wp-json\/wp\/v2\/pages"}],"about":[{"href":"https:\/\/vitreriedelavallee.com\/en\/wp-json\/wp\/v2\/types\/page"}],"author":[{"embeddable":true,"href":"https:\/\/vitreriedelavallee.com\/en\/wp-json\/wp\/v2\/users\/1"}],"replies":[{"embeddable":true,"href":"https:\/\/vitreriedelavallee.com\/en\/wp-json\/wp\/v2\/comments?post=1245"}],"version-history":[{"count":7,"href":"https:\/\/vitreriedelavallee.com\/en\/wp-json\/wp\/v2\/pages\/1245\/revisions"}],"predecessor-version":[{"id":1620,"href":"https:\/\/vitreriedelavallee.com\/en\/wp-json\/wp\/v2\/pages\/1245\/revisions\/1620"}],"up":[{"embeddable":true,"href":"https:\/\/vitreriedelavallee.com\/en\/wp-json\/wp\/v2\/pages\/1224"}],"wp:attachment":[{"href":"https:\/\/vitreriedelavallee.com\/en\/wp-json\/wp\/v2\/media?parent=1245"}],"curies":[{"name":"wp","href":"https:\/\/api.w.org\/{rel}","templated":true}]}}