{"id":1236,"date":"2021-09-09T11:05:30","date_gmt":"2021-09-09T15:05:30","guid":{"rendered":"http:\/\/vitreriedelavallee.com\/commercial-institutional\/notre-expertise\/"},"modified":"2024-06-27T10:54:41","modified_gmt":"2024-06-27T14:54:41","slug":"our-expertise","status":"publish","type":"page","link":"https:\/\/vitreriedelavallee.com\/en\/commercial-institutional\/our-expertise\/","title":{"rendered":"Our expertise"},"content":{"rendered":"","protected":false},"excerpt":{"rendered":"","protected":false},"author":1,"featured_media":0,"parent":1224,"menu_order":170,"comment_status":"closed","ping_status":"closed","template":"","meta":{"_acf_changed":false,"footnotes":""},"class_list":["post-1236","page","type-page","status-publish","hentry","entry"],"acf":[],"yoast_head":"<!-- This site is optimized with the Yoast SEO plugin v26.8 - https:\/\/yoast.com\/product\/yoast-seo-wordpress\/ -->\n<title>Our Expertise - Vitrerie de la Vall\u00e9e in Gatineau<\/title>\n<meta name=\"description\" content=\"Discover Vitrerie de la Vall\u00e9e&#039;s expertise in commercial and institutional projects in Gatineau. High-quality glass solutions to meet your professional needs.\" \/>\n<meta name=\"robots\" content=\"index, follow, max-snippet:-1, max-image-preview:large, max-video-preview:-1\" \/>\n<link rel=\"canonical\" href=\"https:\/\/vitreriedelavallee.com\/en\/commercial-institutional\/our-expertise\/\" \/>\n<meta property=\"og:locale\" content=\"en_US\" \/>\n<meta property=\"og:type\" content=\"article\" \/>\n<meta property=\"og:title\" content=\"Our Expertise - Vitrerie de la Vall\u00e9e in Gatineau\" \/>\n<meta property=\"og:description\" content=\"Discover Vitrerie de la Vall\u00e9e&#039;s expertise in commercial and institutional projects in Gatineau. High-quality glass solutions to meet your professional needs.\" \/>\n<meta property=\"og:url\" content=\"https:\/\/vitreriedelavallee.com\/en\/commercial-institutional\/our-expertise\/\" \/>\n<meta property=\"og:site_name\" content=\"Vitrerie de la Vall\u00e9e\" \/>\n<meta property=\"article:modified_time\" content=\"2024-06-27T14:54:41+00:00\" \/>\n<meta name=\"twitter:card\" content=\"summary_large_image\" \/>\n<script type=\"application\/ld+json\" class=\"yoast-schema-graph\">{\"@context\":\"https:\/\/schema.org\",\"@graph\":[{\"@type\":\"WebPage\",\"@id\":\"https:\/\/vitreriedelavallee.com\/en\/commercial-institutional\/our-expertise\/\",\"url\":\"https:\/\/vitreriedelavallee.com\/en\/commercial-institutional\/our-expertise\/\",\"name\":\"Our Expertise - Vitrerie de la Vall\u00e9e in Gatineau\",\"isPartOf\":{\"@id\":\"https:\/\/vitreriedelavallee.com\/#website\"},\"datePublished\":\"2021-09-09T15:05:30+00:00\",\"dateModified\":\"2024-06-27T14:54:41+00:00\",\"description\":\"Discover Vitrerie de la Vall\u00e9e's expertise in commercial and institutional projects in Gatineau. High-quality glass solutions to meet your professional needs.\",\"breadcrumb\":{\"@id\":\"https:\/\/vitreriedelavallee.com\/en\/commercial-institutional\/our-expertise\/#breadcrumb\"},\"inLanguage\":\"en-US\",\"potentialAction\":[{\"@type\":\"ReadAction\",\"target\":[\"https:\/\/vitreriedelavallee.com\/en\/commercial-institutional\/our-expertise\/\"]}]},{\"@type\":\"BreadcrumbList\",\"@id\":\"https:\/\/vitreriedelavallee.com\/en\/commercial-institutional\/our-expertise\/#breadcrumb\",\"itemListElement\":[{\"@type\":\"ListItem\",\"position\":1,\"name\":\"Accueil\",\"item\":\"https:\/\/vitreriedelavallee.com\/en\/\"},{\"@type\":\"ListItem\",\"position\":2,\"name\":\"Commercial \/ Institutional\",\"item\":\"https:\/\/vitreriedelavallee.com\/en\/commercial-institutional\/\"},{\"@type\":\"ListItem\",\"position\":3,\"name\":\"Our expertise\"}]},{\"@type\":\"WebSite\",\"@id\":\"https:\/\/vitreriedelavallee.com\/#website\",\"url\":\"https:\/\/vitreriedelavallee.com\/\",\"name\":\"Vitrerie de la Vall\u00e9e\",\"description\":\"Nous sommes sp\u00e9cialis\u00e9s dans le verre, les portes, les fen\u00eatres, les miroirs et les douches sur mesure\u2009!\",\"potentialAction\":[{\"@type\":\"SearchAction\",\"target\":{\"@type\":\"EntryPoint\",\"urlTemplate\":\"https:\/\/vitreriedelavallee.com\/?s={search_term_string}\"},\"query-input\":{\"@type\":\"PropertyValueSpecification\",\"valueRequired\":true,\"valueName\":\"search_term_string\"}}],\"inLanguage\":\"en-US\"}]}<\/script>\n<!-- \/ Yoast SEO plugin. -->","yoast_head_json":{"title":"Our Expertise - Vitrerie de la Vall\u00e9e in Gatineau","description":"Discover Vitrerie de la Vall\u00e9e's expertise in commercial and institutional projects in Gatineau. High-quality glass solutions to meet your professional needs.","robots":{"index":"index","follow":"follow","max-snippet":"max-snippet:-1","max-image-preview":"max-image-preview:large","max-video-preview":"max-video-preview:-1"},"canonical":"https:\/\/vitreriedelavallee.com\/en\/commercial-institutional\/our-expertise\/","og_locale":"en_US","og_type":"article","og_title":"Our Expertise - Vitrerie de la Vall\u00e9e in Gatineau","og_description":"Discover Vitrerie de la Vall\u00e9e's expertise in commercial and institutional projects in Gatineau. High-quality glass solutions to meet your professional needs.","og_url":"https:\/\/vitreriedelavallee.com\/en\/commercial-institutional\/our-expertise\/","og_site_name":"Vitrerie de la Vall\u00e9e","article_modified_time":"2024-06-27T14:54:41+00:00","twitter_card":"summary_large_image","schema":{"@context":"https:\/\/schema.org","@graph":[{"@type":"WebPage","@id":"https:\/\/vitreriedelavallee.com\/en\/commercial-institutional\/our-expertise\/","url":"https:\/\/vitreriedelavallee.com\/en\/commercial-institutional\/our-expertise\/","name":"Our Expertise - Vitrerie de la Vall\u00e9e in Gatineau","isPartOf":{"@id":"https:\/\/vitreriedelavallee.com\/#website"},"datePublished":"2021-09-09T15:05:30+00:00","dateModified":"2024-06-27T14:54:41+00:00","description":"Discover Vitrerie de la Vall\u00e9e's expertise in commercial and institutional projects in Gatineau. High-quality glass solutions to meet your professional needs.","breadcrumb":{"@id":"https:\/\/vitreriedelavallee.com\/en\/commercial-institutional\/our-expertise\/#breadcrumb"},"inLanguage":"en-US","potentialAction":[{"@type":"ReadAction","target":["https:\/\/vitreriedelavallee.com\/en\/commercial-institutional\/our-expertise\/"]}]},{"@type":"BreadcrumbList","@id":"https:\/\/vitreriedelavallee.com\/en\/commercial-institutional\/our-expertise\/#breadcrumb","itemListElement":[{"@type":"ListItem","position":1,"name":"Accueil","item":"https:\/\/vitreriedelavallee.com\/en\/"},{"@type":"ListItem","position":2,"name":"Commercial \/ Institutional","item":"https:\/\/vitreriedelavallee.com\/en\/commercial-institutional\/"},{"@type":"ListItem","position":3,"name":"Our expertise"}]},{"@type":"WebSite","@id":"https:\/\/vitreriedelavallee.com\/#website","url":"https:\/\/vitreriedelavallee.com\/","name":"Vitrerie de la Vall\u00e9e","description":"Nous sommes sp\u00e9cialis\u00e9s dans le verre, les portes, les fen\u00eatres, les miroirs et les douches sur mesure\u2009!","potentialAction":[{"@type":"SearchAction","target":{"@type":"EntryPoint","urlTemplate":"https:\/\/vitreriedelavallee.com\/?s={search_term_string}"},"query-input":{"@type":"PropertyValueSpecification","valueRequired":true,"valueName":"search_term_string"}}],"inLanguage":"en-US"}]}},"_links":{"self":[{"href":"https:\/\/vitreriedelavallee.com\/en\/wp-json\/wp\/v2\/pages\/1236","targetHints":{"allow":["GET"]}}],"collection":[{"href":"https:\/\/vitreriedelavallee.com\/en\/wp-json\/wp\/v2\/pages"}],"about":[{"href":"https:\/\/vitreriedelavallee.com\/en\/wp-json\/wp\/v2\/types\/page"}],"author":[{"embeddable":true,"href":"https:\/\/vitreriedelavallee.com\/en\/wp-json\/wp\/v2\/users\/1"}],"replies":[{"embeddable":true,"href":"https:\/\/vitreriedelavallee.com\/en\/wp-json\/wp\/v2\/comments?post=1236"}],"version-history":[{"count":1,"href":"https:\/\/vitreriedelavallee.com\/en\/wp-json\/wp\/v2\/pages\/1236\/revisions"}],"predecessor-version":[{"id":1237,"href":"https:\/\/vitreriedelavallee.com\/en\/wp-json\/wp\/v2\/pages\/1236\/revisions\/1237"}],"up":[{"embeddable":true,"href":"https:\/\/vitreriedelavallee.com\/en\/wp-json\/wp\/v2\/pages\/1224"}],"wp:attachment":[{"href":"https:\/\/vitreriedelavallee.com\/en\/wp-json\/wp\/v2\/media?parent=1236"}],"curies":[{"name":"wp","href":"https:\/\/api.w.org\/{rel}","templated":true}]}}